{"id":658,"date":"2020-03-25T13:11:42","date_gmt":"2020-03-25T13:11:42","guid":{"rendered":"http:\/\/dev.avis-tahiti.com\/?page_id=658"},"modified":"2026-01-19T20:39:14","modified_gmt":"2026-01-19T20:39:14","slug":"locations-page","status":"publish","type":"page","link":"https:\/\/tahitieasycar.com\/en\/locations-page\/","title":{"rendered":"Branches"},"content":{"rendered":"<p>[et_pb_section fb_built=&#8221;1&#8243; module_class=&#8221;map-section-wrapper&#8221; _builder_version=&#8221;4.16&#8243; collapsed=&#8221;off&#8221; global_colors_info=&#8221;{}&#8221;][et_pb_row module_class=&#8221;map-info-row&#8221; _builder_version=&#8221;4.16&#8243; collapsed=&#8221;off&#8221; global_colors_info=&#8221;{}&#8221;][et_pb_column type=&#8221;4_4&#8243; _builder_version=&#8221;4.16&#8243; global_colors_info=&#8221;{}&#8221;][et_pb_post_title meta=&#8221;off&#8221; featured_image=&#8221;off&#8221; _builder_version=&#8221;4.16&#8243; title_font=&#8221;|700|||||||&#8221; title_text_align=&#8221;left&#8221; custom_margin=&#8221;|||0px|false|false&#8221; global_colors_info=&#8221;{}&#8221;][\/et_pb_post_title][et_pb_tabs disabled_on=&#8221;on|on|on&#8221; module_class=&#8221;location-content-wrapper&#8221; _builder_version=&#8221;4.16&#8243; custom_margin=&#8221;40px||||false|false&#8221; border_width_all=&#8221;0px&#8221; disabled=&#8221;on&#8221; global_colors_info=&#8221;{}&#8221;][et_pb_tab title=&#8221;Faa\u2019a Airport&#8221; _builder_version=&#8221;4.16&#8243; global_colors_info=&#8221;{}&#8221;][\/et_pb_tab][et_pb_tab title=&#8221;Papeete(downtown)&#8221; _builder_version=&#8221;4.16&#8243; global_colors_info=&#8221;{}&#8221;]<\/p>\n<div class=\"locations-tab-left\"><iframe loading=\"lazy\" style=\"border: 0;\" tabindex=\"0\" src=\"https:\/\/www.google.com\/maps\/embed?pb=!1m18!1m12!1m3!1d121738.55474968166!2d-149.74222301014396!3d-17.5394762098729!2m3!1f0!2f0!3f0!3m2!1i1024!2i768!4f13.1!3m3!1m2!1s0x769a307d9740ebfb%3A0xbcf6eaf5e6f8a24d!2sFaa'a%20Airport%20Avis!5e0!3m2!1sen!2sin!4v1585296841881!5m2!1sen!2sin\" width=\"638\" height=\"310\" frameborder=\"0\" allowfullscreen=\"allowfullscreen\" aria-hidden=\"false\"><\/iframe><\/div>\n<div class=\"locations-tab-right\">\n<div class=\"location-title\">Papeete Downtown &#8211; TAHITI<\/div>\n<div class=\"location-content\">Mobile : (+689) 89 24 46 00 &#8211; Office : (+689) 40 54 10 00<br \/>\nOpen from Monday to Friday : 7.30 am to 5pm<br \/>\nSaturday : 7.30 am -4pm<br \/>\nSunday &#038; Public holidays : From 08am to noon\n<\/div>\n<\/div>\n<p>[\/et_pb_tab][et_pb_tab title=&#8221;Vaiare Ferry Dock&#8221; _builder_version=&#8221;4.16&#8243; global_colors_info=&#8221;{}&#8221;]<\/p>\n<div class=\"locations-tab-left\"><iframe loading=\"lazy\" style=\"border: 0;\" tabindex=\"0\" src=\"https:\/\/www.google.com\/maps\/embed?pb=!1m18!1m12!1m3!1d121738.55474968166!2d-149.74222301014396!3d-17.5394762098729!2m3!1f0!2f0!3f0!3m2!1i1024!2i768!4f13.1!3m3!1m2!1s0x769a307d9740ebfb%3A0xbcf6eaf5e6f8a24d!2sFaa'a%20Airport%20Avis!5e0!3m2!1sen!2sin!4v1585296841881!5m2!1sen!2sin\" width=\"638\" height=\"310\" frameborder=\"0\" allowfullscreen=\"allowfullscreen\" aria-hidden=\"false\"><\/iframe><\/div>\n<div class=\"locations-tab-right\">\n<div class=\"location-title\">Agence de VAIARE Moorea<\/div>\n<div class=\"location-content\">Mobile : (+689) 89 401 075<br \/>Office (+689) 40 56 32 68<br \/>Office (+689) 40 56 35 18<br \/>Monday to Friday : 06.30 am to 5:00 PM<br \/>Saturday , Sunday : 7.30 am &#8211; 4 PM<\/div>\n<\/div>\n<p>[\/et_pb_tab][\/et_pb_tabs][et_pb_tabs module_class=&#8221;location-content-wrapper&#8221; _builder_version=&#8221;4.25.1&#8243; tab_font=&#8221;|700|||||||&#8221; custom_margin=&#8221;||||false|false&#8221; hover_enabled=&#8221;0&#8243; border_width_all=&#8221;0px&#8221; border_color_bottom=&#8221;#e02b20&#8243; global_colors_info=&#8221;{}&#8221; sticky_enabled=&#8221;0&#8243;][et_pb_tab title=&#8221;Airport Tahiti Faaa Desk&#8221; _builder_version=&#8221;4.25.1&#8243; body_font=&#8221;|700|||||||&#8221; body_text_color=&#8221;#e0e0e0&#8243; body_font_size=&#8221;13px&#8221; body_line_height=&#8221;2em&#8221; global_colors_info=&#8221;{}&#8221;]<\/p>\n<div class=\"locations-tab-left\"><img loading=\"lazy\" decoding=\"async\" class=\"alignnone wp-image-12189 size-full\" src=\"https:\/\/tahitieasycar.com\/wp-content\/uploads\/2026\/01\/photo-site-ag13-scaled.jpg\" alt=\"\" width=\"1935\" height=\"2560\" srcset=\"https:\/\/tahitieasycar.com\/wp-content\/uploads\/2026\/01\/photo-site-ag13-scaled.jpg 1935w, https:\/\/tahitieasycar.com\/wp-content\/uploads\/2026\/01\/photo-site-ag13-1280x1693.jpg 1280w, https:\/\/tahitieasycar.com\/wp-content\/uploads\/2026\/01\/photo-site-ag13-980x1297.jpg 980w, https:\/\/tahitieasycar.com\/wp-content\/uploads\/2026\/01\/photo-site-ag13-480x635.jpg 480w\" sizes=\"(min-width: 0px) and (max-width: 480px) 480px, (min-width: 481px) and (max-width: 980px) 980px, (min-width: 981px) and (max-width: 1280px) 1280px, (min-width: 1281px) 1935px, 100vw\" \/><\/div>\n<div class=\"locations-tab-right\">\n<div class=\"location-title\"><strong>Airport Tahiti Faaa Desk<\/strong><\/div>\n<div class=\"location-content\">\n<p>Phone : (+689) 87 72 19 75 \/\u00a0 (+689) 40 81 96 32<\/p>\n<p>From monday to sunday 24\/7<\/p>\n<p>Our opening hours for this agency : From 5 a.m. to 12 p.m.<br \/>Possibility to take a vehicle outside these hours : Special conditions apply, outside the agency\u2019s opening hours: <a href=\"\/en\/out-of-hours-service\/\">H\/nuit<\/a><\/p>\n<\/div>\n<\/div>\n<div class=\"location-container\">\n<div class=\"location-row\">\n<div class=\"location-col-3\"><iframe loading=\"lazy\" style=\"border: 0;\" src=\"https:\/\/www.google.com\/maps\/embed?pb=!1m14!1m8!1m3!1d15215.636599354033!2d-149.6094145!3d-17.5595116!3m2!1i1024!2i768!4f13.1!3m3!1m2!1s0x769a3a7f64d8b43b%3A0x6d3e50f28f97a940!2sFa'a'%C4%81%20International%20Airport!5e0!3m2!1sen!2sin!4v1683028128238!5m2!1sen!2sin\" width=\"200\" height=\"155\" allowfullscreen=\"allowfullscreen\"><\/iframe><\/div>\n<div class=\"location-col-3\">\u00a0<\/div>\n<\/div>\n<\/div>\n<p>[\/et_pb_tab][et_pb_tab title=&#8221;Airport Tahiti Faaa agency&#8221; _builder_version=&#8221;4.25.1&#8243; body_font=&#8221;|700|||||||&#8221; body_text_color=&#8221;#e0e0e0&#8243; body_font_size=&#8221;13px&#8221; body_line_height=&#8221;2em&#8221; hover_enabled=&#8221;0&#8243; global_colors_info=&#8221;{}&#8221; sticky_enabled=&#8221;0&#8243;]<\/p>\n<div class=\"locations-tab-left\"><img loading=\"lazy\" decoding=\"async\" class=\"alignnone wp-image-12197 size-full\" src=\"https:\/\/tahitieasycar.com\/wp-content\/uploads\/2026\/01\/phot-site-ag14-scaled.jpeg\" alt=\"\" width=\"2494\" height=\"2560\" srcset=\"https:\/\/tahitieasycar.com\/wp-content\/uploads\/2026\/01\/phot-site-ag14-scaled.jpeg 2494w, https:\/\/tahitieasycar.com\/wp-content\/uploads\/2026\/01\/phot-site-ag14-1280x1314.jpeg 1280w, https:\/\/tahitieasycar.com\/wp-content\/uploads\/2026\/01\/phot-site-ag14-980x1006.jpeg 980w, https:\/\/tahitieasycar.com\/wp-content\/uploads\/2026\/01\/phot-site-ag14-480x493.jpeg 480w\" sizes=\"(min-width: 0px) and (max-width: 480px) 480px, (min-width: 481px) and (max-width: 980px) 980px, (min-width: 981px) and (max-width: 1280px) 1280px, (min-width: 1281px) 2494px, 100vw\" \/><\/div>\n<div class=\"locations-tab-right\">\n<div class=\"location-title\">Airport Tahiti Faaa agency<\/div>\n<div class=\"location-content\">\n<p>Phone : (+689) 40 82 30 04<\/p>\n<p>From monday to friday 07am to 5pm<\/p>\n<\/div>\n<\/div>\n<div class=\"location-container\">\n<div class=\"location-row\">\n<div class=\"location-col-3\"><iframe loading=\"lazy\" style=\"border: 0;\" src=\"https:\/\/www.google.com\/maps\/embed?pb=!1m14!1m8!1m3!1d15215.675565900377!2d-149.6090082!3d-17.5590479!3m2!1i1024!2i768!4f13.1!3m3!1m2!1s0x769a312bd9392e6d%3A0x4170e010528ef4a4!2sTahiti%20Tourisme%20-%20Faa'a%20International%20Airport!5e0!3m2!1sen!2sin!4v1683028268523!5m2!1sen!2sin\" width=\"200\" height=\"155\" allowfullscreen=\"allowfullscreen\"><\/iframe><\/div>\n<div class=\"location-col-3\">\u00a0<\/div>\n<\/div>\n<\/div>\n<p>[\/et_pb_tab][\/et_pb_tabs][\/et_pb_column][\/et_pb_row][\/et_pb_section][et_pb_section fb_built=&#8221;1&#8243; module_class=&#8221;contact-section-wrapper&#8221; _builder_version=&#8221;4.16&#8243; custom_margin_tablet=&#8221;&#8221; custom_margin_phone=&#8221;||40px||false|false&#8221; custom_margin_last_edited=&#8221;on|phone&#8221; collapsed=&#8221;off&#8221; global_colors_info=&#8221;{}&#8221;][et_pb_row custom_padding_last_edited=&#8221;on|phone&#8221; _builder_version=&#8221;4.16&#8243; width=&#8221;90%&#8221; custom_margin_tablet=&#8221;&#8221; custom_margin_phone=&#8221;&#8221; custom_margin_last_edited=&#8221;on|phone&#8221; custom_padding_tablet=&#8221;&#8221; custom_padding_phone=&#8221;||30px||false|false&#8221; collapsed=&#8221;off&#8221; global_colors_info=&#8221;{}&#8221;][et_pb_column type=&#8221;4_4&#8243; _builder_version=&#8221;4.16&#8243; global_colors_info=&#8221;{}&#8221;][et_pb_contact_form captcha=&#8221;off&#8221; email=&#8221;contact@tahitieasycar.com&#8221; title=&#8221;Contact Us&#8221; custom_message=&#8221;Tahiti Easy car: Contact us||et_pb_line_break_holder||||et_pb_line_break_holder||Nom : %%Name%% ||et_pb_line_break_holder||E-mail: %%email%%||et_pb_line_break_holder||Num\u00e9ro de t\u00e9l\u00e9phone : %%Your_Phone%%||et_pb_line_break_holder||Message : %%Message%%&#8221; submit_button_text=&#8221;Send&#8221; _builder_version=&#8221;4.16&#8243; _unique_id=&#8221;ef2ada73-983b-4455-9c65-a4337a61f252&#8243; form_field_text_color=&#8221;#8b8b8b&#8221; title_font=&#8221;|800|||||||&#8221; title_font_size=&#8221;23px&#8221; form_field_font=&#8221;Poppins|600|||||||&#8221; form_field_font_size=&#8221;13px&#8221; custom_button=&#8221;on&#8221; button_text_size=&#8221;12px&#8221; button_text_color=&#8221;#ffffff&#8221; button_bg_color=&#8221;#d4022a&#8221; button_border_color=&#8221;#d4022a&#8221; button_border_radius=&#8221;4px&#8221; button_custom_padding=&#8221;10px|40px|10px|40px|false|false&#8221; width=&#8221;50%&#8221; max_width=&#8221;100%&#8221; module_alignment=&#8221;center&#8221; box_shadow_style_button=&#8221;preset2&#8243; box_shadow_horizontal_button=&#8221;0px&#8221; box_shadow_blur_button=&#8221;5px&#8221; box_shadow_spread_button=&#8221;-21px&#8221; global_colors_info=&#8221;{}&#8221;][et_pb_contact_field field_id=&#8221;Name&#8221; field_title=&#8221;Name&#8221; _builder_version=&#8221;4.16&#8243; global_colors_info=&#8221;{}&#8221; button_text_size__hover_enabled=&#8221;off&#8221; button_one_text_size__hover_enabled=&#8221;off&#8221; button_two_text_size__hover_enabled=&#8221;off&#8221; button_text_color__hover_enabled=&#8221;off&#8221; button_one_text_color__hover_enabled=&#8221;off&#8221; button_two_text_color__hover_enabled=&#8221;off&#8221; button_border_width__hover_enabled=&#8221;off&#8221; button_one_border_width__hover_enabled=&#8221;off&#8221; button_two_border_width__hover_enabled=&#8221;off&#8221; button_border_color__hover_enabled=&#8221;off&#8221; button_one_border_color__hover_enabled=&#8221;off&#8221; button_two_border_color__hover_enabled=&#8221;off&#8221; button_border_radius__hover_enabled=&#8221;off&#8221; button_one_border_radius__hover_enabled=&#8221;off&#8221; button_two_border_radius__hover_enabled=&#8221;off&#8221; button_letter_spacing__hover_enabled=&#8221;off&#8221; button_one_letter_spacing__hover_enabled=&#8221;off&#8221; button_two_letter_spacing__hover_enabled=&#8221;off&#8221; button_bg_color__hover_enabled=&#8221;off&#8221; button_one_bg_color__hover_enabled=&#8221;off&#8221; button_two_bg_color__hover_enabled=&#8221;off&#8221;][\/et_pb_contact_field][et_pb_contact_field field_id=&#8221;Your_Phone&#8221; field_title=&#8221;Phone Number&#8221; allowed_symbols=&#8221;numbers&#8221; _builder_version=&#8221;4.16&#8243; global_colors_info=&#8221;{}&#8221; button_text_size__hover_enabled=&#8221;off&#8221; button_one_text_size__hover_enabled=&#8221;off&#8221; button_two_text_size__hover_enabled=&#8221;off&#8221; button_text_color__hover_enabled=&#8221;off&#8221; button_one_text_color__hover_enabled=&#8221;off&#8221; button_two_text_color__hover_enabled=&#8221;off&#8221; button_border_width__hover_enabled=&#8221;off&#8221; button_one_border_width__hover_enabled=&#8221;off&#8221; button_two_border_width__hover_enabled=&#8221;off&#8221; button_border_color__hover_enabled=&#8221;off&#8221; button_one_border_color__hover_enabled=&#8221;off&#8221; button_two_border_color__hover_enabled=&#8221;off&#8221; button_border_radius__hover_enabled=&#8221;off&#8221; button_one_border_radius__hover_enabled=&#8221;off&#8221; button_two_border_radius__hover_enabled=&#8221;off&#8221; button_letter_spacing__hover_enabled=&#8221;off&#8221; button_one_letter_spacing__hover_enabled=&#8221;off&#8221; button_two_letter_spacing__hover_enabled=&#8221;off&#8221; button_bg_color__hover_enabled=&#8221;off&#8221; button_one_bg_color__hover_enabled=&#8221;off&#8221; button_two_bg_color__hover_enabled=&#8221;off&#8221;][\/et_pb_contact_field][et_pb_contact_field field_id=&#8221;email&#8221; field_title=&#8221;Email&#8221; field_type=&#8221;email&#8221; fullwidth_field=&#8221;on&#8221; _builder_version=&#8221;4.16&#8243; global_colors_info=&#8221;{}&#8221;][\/et_pb_contact_field][et_pb_contact_field field_id=&#8221;Message&#8221; field_title=&#8221;Message&#8221; field_type=&#8221;text&#8221; fullwidth_field=&#8221;on&#8221; _builder_version=&#8221;4.16&#8243; global_colors_info=&#8221;{}&#8221; button_text_size__hover_enabled=&#8221;off&#8221; button_one_text_size__hover_enabled=&#8221;off&#8221; button_two_text_size__hover_enabled=&#8221;off&#8221; button_text_color__hover_enabled=&#8221;off&#8221; button_one_text_color__hover_enabled=&#8221;off&#8221; button_two_text_color__hover_enabled=&#8221;off&#8221; button_border_width__hover_enabled=&#8221;off&#8221; button_one_border_width__hover_enabled=&#8221;off&#8221; button_two_border_width__hover_enabled=&#8221;off&#8221; button_border_color__hover_enabled=&#8221;off&#8221; button_one_border_color__hover_enabled=&#8221;off&#8221; button_two_border_color__hover_enabled=&#8221;off&#8221; button_border_radius__hover_enabled=&#8221;off&#8221; button_one_border_radius__hover_enabled=&#8221;off&#8221; button_two_border_radius__hover_enabled=&#8221;off&#8221; button_letter_spacing__hover_enabled=&#8221;off&#8221; button_one_letter_spacing__hover_enabled=&#8221;off&#8221; button_two_letter_spacing__hover_enabled=&#8221;off&#8221; button_bg_color__hover_enabled=&#8221;off&#8221; button_one_bg_color__hover_enabled=&#8221;off&#8221; button_two_bg_color__hover_enabled=&#8221;off&#8221;][\/et_pb_contact_field][\/et_pb_contact_form][\/et_pb_column][\/et_pb_row][\/et_pb_section]<\/p>\n","protected":false},"excerpt":{"rendered":"<p>Papeete Downtown &#8211; TAHITI Mobile : (+689) 89 24 46 00 &#8211; Office : (+689) 40 54 10 00 Open from Monday to Friday : 7.30 am to 5pm Saturday : 7.30 am -4pm Sunday &#038; Public holidays : From 08am to noon Agence de VAIARE Moorea Mobile : (+689) 89 401 075Office (+689) 40 [&hellip;]<\/p>\n","protected":false},"author":1,"featured_media":0,"parent":0,"menu_order":0,"comment_status":"closed","ping_status":"closed","template":"","meta":{"_acf_changed":false,"_et_pb_use_builder":"on","_et_pb_old_content":"","_et_gb_content_width":"","footnotes":""},"acf":[],"_links":{"self":[{"href":"https:\/\/tahitieasycar.com\/en\/wp-json\/wp\/v2\/pages\/658"}],"collection":[{"href":"https:\/\/tahitieasycar.com\/en\/wp-json\/wp\/v2\/pages"}],"about":[{"href":"https:\/\/tahitieasycar.com\/en\/wp-json\/wp\/v2\/types\/page"}],"author":[{"embeddable":true,"href":"https:\/\/tahitieasycar.com\/en\/wp-json\/wp\/v2\/users\/1"}],"replies":[{"embeddable":true,"href":"https:\/\/tahitieasycar.com\/en\/wp-json\/wp\/v2\/comments?post=658"}],"version-history":[{"count":151,"href":"https:\/\/tahitieasycar.com\/en\/wp-json\/wp\/v2\/pages\/658\/revisions"}],"predecessor-version":[{"id":12201,"href":"https:\/\/tahitieasycar.com\/en\/wp-json\/wp\/v2\/pages\/658\/revisions\/12201"}],"wp:attachment":[{"href":"https:\/\/tahitieasycar.com\/en\/wp-json\/wp\/v2\/media?parent=658"}],"curies":[{"name":"wp","href":"https:\/\/api.w.org\/{rel}","templated":true}]}}